{"id":810,"date":"2018-08-30T16:50:37","date_gmt":"2018-08-30T19:50:37","guid":{"rendered":"https:\/\/isfdmacachin-lpa.infd.edu.ar\/sitio\/diseno\/"},"modified":"2026-03-29T03:11:39","modified_gmt":"2026-03-29T06:11:39","slug":"diseno","status":"publish","type":"page","link":"https:\/\/isfdmacachin-lpa.infd.edu.ar\/sitio\/diseno\/","title":{"rendered":"Dise\u00f1o Curricular"},"content":{"rendered":"<p style=\"text-align: center;\"><span style=\"font-family: tahoma, arial, helvetica, sans-serif; color: #000000;\">Conozca el Dise\u00f1o Curricular del <strong>Profesorado de Educaci\u00f3n Inicial<\/strong>. <span style=\"color: #808080;\"><a style=\"color: #808080;\" href=\"https:\/\/drive.google.com\/file\/d\/1-OBvXuJddiTfEB1uDDR9xJxCEHcVvLVI\/view?usp=share_link\" target=\"_blank\" rel=\"noopener\"><strong><em>Haga clic aqu\u00ed<\/em><\/strong><\/a>.&nbsp;<\/span><\/span><\/p>\n<p style=\"text-align: center;\"><img decoding=\"async\" loading=\"lazy\" class=\"alignnone  wp-image-1167\" src=\"https:\/\/isfdmacachin-lpa.infd.edu.ar\/sitio\/wp-content\/uploads\/2022\/10\/CAAJ-CURR-1000x962.jpg\" alt=\"\" width=\"709\" height=\"682\" srcset=\"https:\/\/isfdmacachin-lpa.infd.edu.ar\/sitio\/wp-content\/uploads\/2022\/10\/CAAJ-CURR-1000x962.jpg 1000w, https:\/\/isfdmacachin-lpa.infd.edu.ar\/sitio\/wp-content\/uploads\/2022\/10\/CAAJ-CURR-1900x1828.jpg 1900w, https:\/\/isfdmacachin-lpa.infd.edu.ar\/sitio\/wp-content\/uploads\/2022\/10\/CAAJ-CURR-768x739.jpg 768w, https:\/\/isfdmacachin-lpa.infd.edu.ar\/sitio\/wp-content\/uploads\/2022\/10\/CAAJ-CURR-1536x1478.jpg 1536w, https:\/\/isfdmacachin-lpa.infd.edu.ar\/sitio\/wp-content\/uploads\/2022\/10\/CAAJ-CURR-2048x1970.jpg 2048w\" sizes=\"(max-width: 709px) 100vw, 709px\" \/><\/p>\n<p><img decoding=\"async\" loading=\"lazy\" class=\"wp-image-1165 aligncenter\" src=\"https:\/\/isfdmacachin-lpa.infd.edu.ar\/sitio\/wp-content\/uploads\/2022\/10\/CAJA-CURR3y4-2-1000x908.jpg\" alt=\"\" width=\"707\" height=\"642\" srcset=\"https:\/\/isfdmacachin-lpa.infd.edu.ar\/sitio\/wp-content\/uploads\/2022\/10\/CAJA-CURR3y4-2-1000x908.jpg 1000w, https:\/\/isfdmacachin-lpa.infd.edu.ar\/sitio\/wp-content\/uploads\/2022\/10\/CAJA-CURR3y4-2-1900x1725.jpg 1900w, https:\/\/isfdmacachin-lpa.infd.edu.ar\/sitio\/wp-content\/uploads\/2022\/10\/CAJA-CURR3y4-2-768x697.jpg 768w, https:\/\/isfdmacachin-lpa.infd.edu.ar\/sitio\/wp-content\/uploads\/2022\/10\/CAJA-CURR3y4-2-1536x1394.jpg 1536w, https:\/\/isfdmacachin-lpa.infd.edu.ar\/sitio\/wp-content\/uploads\/2022\/10\/CAJA-CURR3y4-2-2048x1859.jpg 2048w\" sizes=\"(max-width: 707px) 100vw, 707px\" \/><\/p>\n\n\n<p class=\"has-text-align-center has-text-color\" style=\"color:#717171\"><\/p>\n","protected":false},"excerpt":{"rendered":"<p>Conozca el Dise\u00f1o Curricular del Profesorado de Educaci\u00f3n Inicial. Haga clic aqu\u00ed.&nbsp;<\/p>\n","protected":false},"author":260,"featured_media":0,"parent":0,"menu_order":0,"comment_status":"closed","ping_status":"closed","template":"","meta":[],"acf":[],"_links":{"self":[{"href":"https:\/\/isfdmacachin-lpa.infd.edu.ar\/sitio\/wp-json\/wp\/v2\/pages\/810"}],"collection":[{"href":"https:\/\/isfdmacachin-lpa.infd.edu.ar\/sitio\/wp-json\/wp\/v2\/pages"}],"about":[{"href":"https:\/\/isfdmacachin-lpa.infd.edu.ar\/sitio\/wp-json\/wp\/v2\/types\/page"}],"author":[{"embeddable":true,"href":"https:\/\/isfdmacachin-lpa.infd.edu.ar\/sitio\/wp-json\/wp\/v2\/users\/260"}],"replies":[{"embeddable":true,"href":"https:\/\/isfdmacachin-lpa.infd.edu.ar\/sitio\/wp-json\/wp\/v2\/comments?post=810"}],"version-history":[{"count":22,"href":"https:\/\/isfdmacachin-lpa.infd.edu.ar\/sitio\/wp-json\/wp\/v2\/pages\/810\/revisions"}],"predecessor-version":[{"id":1883,"href":"https:\/\/isfdmacachin-lpa.infd.edu.ar\/sitio\/wp-json\/wp\/v2\/pages\/810\/revisions\/1883"}],"wp:attachment":[{"href":"https:\/\/isfdmacachin-lpa.infd.edu.ar\/sitio\/wp-json\/wp\/v2\/media?parent=810"}],"curies":[{"name":"wp","href":"https:\/\/api.w.org\/{rel}","templated":true}]}}