{"id":806,"date":"2018-08-30T16:50:36","date_gmt":"2018-08-30T19:50:36","guid":{"rendered":"https:\/\/isfdmacachin-lpa.infd.edu.ar\/sitio\/problemas-de-suma-y-resta\/"},"modified":"2023-03-28T23:09:03","modified_gmt":"2023-03-29T02:09:03","slug":"problemas-de-suma-y-resta","status":"publish","type":"page","link":"https:\/\/isfdmacachin-lpa.infd.edu.ar\/sitio\/problemas-de-suma-y-resta\/","title":{"rendered":"Problemas de suma y resta"},"content":{"rendered":"<p>Los ejercicios matem\u00e1ticos son un apartado fundamental en la instrucci\u00f3n y formaci\u00f3n de los ni\u00f1os de primaria. Para m\u00e1s informaci\u00f3n: <em><a href=\"https:\/\/problemas-matematicos.com\/suma-y-resta\/\">Clic aqu\u00ed<\/a><\/em><\/p>\n","protected":false},"excerpt":{"rendered":"<p>Los ejercicios matem\u00e1ticos son un apartado fundamental en la instrucci\u00f3n y formaci\u00f3n de los ni\u00f1os de primaria. Para m\u00e1s informaci\u00f3n: Clic aqu\u00ed<\/p>\n","protected":false},"author":260,"featured_media":0,"parent":0,"menu_order":0,"comment_status":"closed","ping_status":"closed","template":"","meta":[],"acf":[],"_links":{"self":[{"href":"https:\/\/isfdmacachin-lpa.infd.edu.ar\/sitio\/wp-json\/wp\/v2\/pages\/806"}],"collection":[{"href":"https:\/\/isfdmacachin-lpa.infd.edu.ar\/sitio\/wp-json\/wp\/v2\/pages"}],"about":[{"href":"https:\/\/isfdmacachin-lpa.infd.edu.ar\/sitio\/wp-json\/wp\/v2\/types\/page"}],"author":[{"embeddable":true,"href":"https:\/\/isfdmacachin-lpa.infd.edu.ar\/sitio\/wp-json\/wp\/v2\/users\/260"}],"replies":[{"embeddable":true,"href":"https:\/\/isfdmacachin-lpa.infd.edu.ar\/sitio\/wp-json\/wp\/v2\/comments?post=806"}],"version-history":[{"count":2,"href":"https:\/\/isfdmacachin-lpa.infd.edu.ar\/sitio\/wp-json\/wp\/v2\/pages\/806\/revisions"}],"predecessor-version":[{"id":1312,"href":"https:\/\/isfdmacachin-lpa.infd.edu.ar\/sitio\/wp-json\/wp\/v2\/pages\/806\/revisions\/1312"}],"wp:attachment":[{"href":"https:\/\/isfdmacachin-lpa.infd.edu.ar\/sitio\/wp-json\/wp\/v2\/media?parent=806"}],"curies":[{"name":"wp","href":"https:\/\/api.w.org\/{rel}","templated":true}]}}