{"id":802,"date":"2018-08-30T16:50:34","date_gmt":"2018-08-30T19:50:34","guid":{"rendered":"https:\/\/isfdmacachin-lpa.infd.edu.ar\/sitio\/sitio-con-recursos-para-nivel-inicial-egb-y-polimodal\/"},"modified":"2023-03-28T23:02:55","modified_gmt":"2023-03-29T02:02:55","slug":"sitio-con-recursos-para-nivel-inicial-egb-y-polimodal","status":"publish","type":"page","link":"https:\/\/isfdmacachin-lpa.infd.edu.ar\/sitio\/sitio-con-recursos-para-nivel-inicial-egb-y-polimodal\/","title":{"rendered":"Sitio con contenidos educativos"},"content":{"rendered":"<p><span style=\"font-family: arial, helvetica, sans-serif;\">En el sitio <em><span style=\"color: #008000;\"><a href=\"http:\/\/www.escolar.com\/\">http:\/\/www.escolar.com\/<\/a> <\/span><\/em><span style=\"color: #000000;\">pueden encontrar materiales te\u00f3ricos y pr\u00e1cticos de las \u00e1reas que a continuaci\u00f3n se detallan. <\/span><\/span><span style=\"color: #000000; font-family: arial, helvetica, sans-serif;\">Cliqueando sobre ellas tendr\u00e1n acceso a la p\u00e1gina correspondiente al \u00e1rea&#8230;<\/span><\/p>\n<table style=\"border: 0px solid #46e519; background-color: #d6ffd6; margin-left: auto; margin-right: auto;\" border=\"0\" frame=\"void\">\n<tbody>\n<tr>\n<td><a href=\"http:\/\/www.escolar.com\/menule.htm\"><strong><span style=\"font-family: arial, helvetica, sans-serif;\">Lengua<\/span><\/strong><\/a><\/td>\n<\/tr>\n<tr>\n<td><a href=\"http:\/\/www.escolar.com\/menumate.htm\"><strong><span style=\"font-family: arial, helvetica, sans-serif;\">Matem\u00e1tica<\/span><\/strong><\/a><\/td>\n<\/tr>\n<tr>\n<td><a href=\"http:\/\/www.escolar.com\/menuhis.htm\"><strong><span style=\"font-family: arial, helvetica, sans-serif;\">Historia<\/span><\/strong><\/a><\/td>\n<\/tr>\n<tr>\n<td><a href=\"http:\/\/www.escolar.com\/menugeo.htm\"><strong><span style=\"font-family: arial, helvetica, sans-serif;\">Geograf\u00eda<\/span><\/strong><\/a><\/td>\n<\/tr>\n<tr>\n<td><a href=\"http:\/\/www.escolar.com\/menucie.htm\"><strong><span style=\"font-family: arial, helvetica, sans-serif;\">Ciencias Naturales<\/span><\/strong><\/a><\/td>\n<\/tr>\n<tr>\n<td><a href=\"http:\/\/www.escolar.com\/index11.php\"><strong><span style=\"font-family: arial, helvetica, sans-serif;\">Secci\u00f3n Apuntes<\/span><\/strong><\/a><\/td>\n<\/tr>\n<\/tbody>\n<\/table>\n","protected":false},"excerpt":{"rendered":"<p>En el sitio http:\/\/www.escolar.com\/ pueden encontrar materiales te\u00f3ricos y pr\u00e1cticos de las \u00e1reas que a continuaci\u00f3n se detallan. Cliqueando sobre ellas tendr\u00e1n acceso a la p\u00e1gina correspondiente al \u00e1rea&#8230; Lengua Matem\u00e1tica Historia Geograf\u00eda Ciencias Naturales Secci\u00f3n Apuntes<\/p>\n","protected":false},"author":260,"featured_media":0,"parent":0,"menu_order":0,"comment_status":"closed","ping_status":"closed","template":"","meta":[],"acf":[],"_links":{"self":[{"href":"https:\/\/isfdmacachin-lpa.infd.edu.ar\/sitio\/wp-json\/wp\/v2\/pages\/802"}],"collection":[{"href":"https:\/\/isfdmacachin-lpa.infd.edu.ar\/sitio\/wp-json\/wp\/v2\/pages"}],"about":[{"href":"https:\/\/isfdmacachin-lpa.infd.edu.ar\/sitio\/wp-json\/wp\/v2\/types\/page"}],"author":[{"embeddable":true,"href":"https:\/\/isfdmacachin-lpa.infd.edu.ar\/sitio\/wp-json\/wp\/v2\/users\/260"}],"replies":[{"embeddable":true,"href":"https:\/\/isfdmacachin-lpa.infd.edu.ar\/sitio\/wp-json\/wp\/v2\/comments?post=802"}],"version-history":[{"count":4,"href":"https:\/\/isfdmacachin-lpa.infd.edu.ar\/sitio\/wp-json\/wp\/v2\/pages\/802\/revisions"}],"predecessor-version":[{"id":1308,"href":"https:\/\/isfdmacachin-lpa.infd.edu.ar\/sitio\/wp-json\/wp\/v2\/pages\/802\/revisions\/1308"}],"wp:attachment":[{"href":"https:\/\/isfdmacachin-lpa.infd.edu.ar\/sitio\/wp-json\/wp\/v2\/media?parent=802"}],"curies":[{"name":"wp","href":"https:\/\/api.w.org\/{rel}","templated":true}]}}