{"id":771,"date":"2018-08-30T16:50:19","date_gmt":"2018-08-30T19:50:19","guid":{"rendered":"https:\/\/isfdmacachin-lpa.infd.edu.ar\/sitio\/centro-de-actualizacion-e-innovacion-educativa-caie\/"},"modified":"2026-03-29T03:09:07","modified_gmt":"2026-03-29T06:09:07","slug":"centro-de-actualizacion-e-innovacion-educativa-caie","status":"publish","type":"page","link":"https:\/\/isfdmacachin-lpa.infd.edu.ar\/sitio\/centro-de-actualizacion-e-innovacion-educativa-caie\/","title":{"rendered":"Profesorado de Ed. Primaria"},"content":{"rendered":"\n<p> Horarios de cursada <a href=\"https:\/\/isfdmacachin-lpa.infd.edu.ar\/sitio\/%c2%93alfabetizacion-inicial-problemas-de-aprendizaje-en-el-primer-ciclo-de-egb%c2%94\/\" data-type=\"URL\" data-id=\"https:\/\/isfdmacachin-lpa.infd.edu.ar\/sitio\/%c2%93alfabetizacion-inicial-problemas-de-aprendizaje-en-el-primer-ciclo-de-egb%c2%94\/\"><em>Clic aqu\u00ed<\/em><\/a><\/p>\n\n\n\n<p>En 2026 vuelve el Profesorado de Educaci\u00f3n Primaria. Para ver el dise\u00f1o curricular <a rel=\"noreferrer noopener\" href=\"https:\/\/repositorio.lapampa.edu.ar\/index.php\/materiales\/superior\/item\/profesorado-educacion-primaria-2015\" target=\"_blank\"><em>Clic aqu\u00ed<\/em><\/a><\/p>\n","protected":false},"excerpt":{"rendered":"<p>Horarios de cursada Clic aqu\u00ed En 2026 vuelve el Profesorado de Educaci\u00f3n Primaria. Para ver el dise\u00f1o curricular Clic aqu\u00ed<\/p>\n","protected":false},"author":260,"featured_media":0,"parent":0,"menu_order":0,"comment_status":"closed","ping_status":"closed","template":"","meta":[],"acf":[],"_links":{"self":[{"href":"https:\/\/isfdmacachin-lpa.infd.edu.ar\/sitio\/wp-json\/wp\/v2\/pages\/771"}],"collection":[{"href":"https:\/\/isfdmacachin-lpa.infd.edu.ar\/sitio\/wp-json\/wp\/v2\/pages"}],"about":[{"href":"https:\/\/isfdmacachin-lpa.infd.edu.ar\/sitio\/wp-json\/wp\/v2\/types\/page"}],"author":[{"embeddable":true,"href":"https:\/\/isfdmacachin-lpa.infd.edu.ar\/sitio\/wp-json\/wp\/v2\/users\/260"}],"replies":[{"embeddable":true,"href":"https:\/\/isfdmacachin-lpa.infd.edu.ar\/sitio\/wp-json\/wp\/v2\/comments?post=771"}],"version-history":[{"count":25,"href":"https:\/\/isfdmacachin-lpa.infd.edu.ar\/sitio\/wp-json\/wp\/v2\/pages\/771\/revisions"}],"predecessor-version":[{"id":1879,"href":"https:\/\/isfdmacachin-lpa.infd.edu.ar\/sitio\/wp-json\/wp\/v2\/pages\/771\/revisions\/1879"}],"wp:attachment":[{"href":"https:\/\/isfdmacachin-lpa.infd.edu.ar\/sitio\/wp-json\/wp\/v2\/media?parent=771"}],"curies":[{"name":"wp","href":"https:\/\/api.w.org\/{rel}","templated":true}]}}